{"id":151,"date":"2020-10-10T19:01:38","date_gmt":"2020-10-10T17:01:38","guid":{"rendered":"https:\/\/www.juergen-ehrlich.de\/blog\/?page_id=151"},"modified":"2023-12-03T13:54:11","modified_gmt":"2023-12-03T12:54:11","slug":"impressum","status":"publish","type":"page","link":"https:\/\/www.juergen-ehrlich.de\/blog\/impressum\/","title":{"rendered":"Impressum"},"content":{"rendered":"<p>[et_pb_section fb_built=&#8220;1&#8243; background_color_2=&#8220;#141617&#8243; admin_label=&#8220;Header&#8220; _builder_version=&#8220;4.16&#8243; use_background_color_gradient=&#8220;on&#8220; background_color_gradient_stops=&#8220;#ffdb8b 0%|#fdb15b 100%&#8220; background_color_gradient_start=&#8220;#ffdb8b&#8220; background_color_gradient_end=&#8220;#fdb15b&#8220; z_index=&#8220;1&#8243; max_width=&#8220;80vw&#8220; overflow-y=&#8220;visible&#8220; custom_margin=&#8220;||50px|||&#8220; custom_padding=&#8220;|||||&#8220; global_colors_info=&#8220;{}&#8220;][et_pb_row custom_padding_last_edited=&#8220;on|desktop&#8220; _builder_version=&#8220;4.16&#8243; use_background_color_gradient=&#8220;on&#8220; background_color_gradient_direction=&#8220;162deg&#8220; background_color_gradient_stops=&#8220;#fd7b5b 0%|#a92200 100%&#8220; background_color_gradient_start=&#8220;#fd7b5b&#8220; background_color_gradient_end=&#8220;#a92200&#8243; transform_scale_tablet=&#8220;&#8220; transform_scale_phone=&#8220;&#8220; transform_scale_last_edited=&#8220;on|desktop&#8220; transform_translate=&#8220;10vw|0px&#8220; transform_translate_tablet=&#8220;&#8220; transform_translate_phone=&#8220;5vw|0px&#8220; transform_translate_last_edited=&#8220;on|desktop&#8220; transform_translate_linked=&#8220;off&#8220; transform_rotate_tablet=&#8220;&#8220; transform_rotate_phone=&#8220;&#8220; transform_rotate_last_edited=&#8220;on|desktop&#8220; transform_skew_tablet=&#8220;&#8220; transform_skew_phone=&#8220;&#8220; transform_skew_last_edited=&#8220;on|desktop&#8220; transform_origin_tablet=&#8220;&#8220; transform_origin_phone=&#8220;&#8220; transform_origin_last_edited=&#8220;on|desktop&#8220; transform_styles_last_edited=&#8220;on|desktop&#8220; width=&#8220;80vw&#8220; width_tablet=&#8220;&#8220; width_phone=&#8220;auto&#8220; width_last_edited=&#8220;on|phone&#8220; custom_margin=&#8220;||-120px&#8220; custom_padding=&#8220;60px|60px|60px|60px|true|true&#8220; custom_padding_tablet=&#8220;&#8220; custom_padding_phone=&#8220;40px||40px|20px|true&#8220; transform_styles_tablet=&#8220;&#8220; transform_styles_phone=&#8220;&#8220; box_shadow_style=&#8220;preset1&#8243; box_shadow_vertical=&#8220;64px&#8220; box_shadow_blur=&#8220;64px&#8220; box_shadow_spread=&#8220;-12px&#8220; box_shadow_color=&#8220;rgba(20,22,23,0.24)&#8220; global_colors_info=&#8220;{}&#8220;][et_pb_column type=&#8220;4_4&#8243; _builder_version=&#8220;4.16&#8243; custom_padding=&#8220;|||&#8220; global_colors_info=&#8220;{}&#8220; custom_padding__hover=&#8220;|||&#8220;][et_pb_text _builder_version=&#8220;4.16&#8243; text_font=&#8220;Montserrat||||||||&#8220; text_letter_spacing=&#8220;3px&#8220; header_font=&#8220;Karla|700|||||||&#8220; header_font_size=&#8220;100px&#8220; header_letter_spacing=&#8220;-3px&#8220; header_line_height=&#8220;0.9em&#8220; header_2_font=&#8220;Montserrat|||on|||||&#8220; header_2_font_size=&#8220;24px&#8220; header_2_letter_spacing=&#8220;2px&#8220; header_2_line_height=&#8220;1.8em&#8220; background_layout=&#8220;dark&#8220; header_font_size_tablet=&#8220;60px&#8220; header_font_size_phone=&#8220;40px&#8220; header_font_size_last_edited=&#8220;on|phone&#8220; header_2_font_size_tablet=&#8220;14px&#8220; header_2_font_size_phone=&#8220;&#8220; header_2_font_size_last_edited=&#8220;on|tablet&#8220; locked=&#8220;off&#8220; global_colors_info=&#8220;{}&#8220;]<\/p>\n<h2>Impressum<\/h2>\n<h1><\/h1>\n<p>[\/et_pb_text][\/et_pb_column][\/et_pb_row][\/et_pb_section][et_pb_section fb_built=&#8220;1&#8243; admin_label=&#8220;Testimonial&#8220; _builder_version=&#8220;4.16&#8243; locked=&#8220;off&#8220; global_colors_info=&#8220;{}&#8220;][et_pb_row _builder_version=&#8220;4.16&#8243; border_color_all=&#8220;rgba(51,51,51,0.12)&#8220; border_width_bottom=&#8220;1px&#8220; global_colors_info=&#8220;{}&#8220;][et_pb_column type=&#8220;4_4&#8243; _builder_version=&#8220;4.16&#8243; custom_padding=&#8220;|||&#8220; global_colors_info=&#8220;{}&#8220; custom_padding__hover=&#8220;|||&#8220;][et_pb_divider color=&#8220;#f56845&#8243; divider_weight=&#8220;4px&#8220; _builder_version=&#8220;4.16&#8243; z_index=&#8220;-1&#8243; width=&#8220;100px&#8220; custom_margin=&#8220;||&#8220; locked=&#8220;off&#8220; global_colors_info=&#8220;{}&#8220;][\/et_pb_divider][et_pb_text _builder_version=&#8220;4.23.1&#8243; header_font=&#8220;||||||||&#8220; header_3_font=&#8220;||||||||&#8220; header_4_font=&#8220;Karla||||||||&#8220; header_4_font_size=&#8220;34px&#8220; header_4_line_height=&#8220;1.4em&#8220; header_6_font=&#8220;Montserrat|||on|||||&#8220; header_6_text_color=&#8220;rgba(0,0,0,0.4)&#8220; hover_enabled=&#8220;0&#8243; header_4_font_size_tablet=&#8220;28px&#8220; header_4_font_size_phone=&#8220;24px&#8220; header_4_font_size_last_edited=&#8220;on|tablet&#8220; global_colors_info=&#8220;{}&#8220; sticky_enabled=&#8220;0&#8243;]<\/p>\n<div class=\"et_pb_module et_pb_blurb et_pb_blurb_0  et_pb_text_align_left  et_pb_blurb_position_top et_pb_bg_layout_light\">\n<div class=\"et_pb_blurb_content\">\n<div class=\"et_pb_blurb_container\">\n<h4 class=\"et_pb_module_header\"><span>Impressum<\/span><\/h4>\n<div class=\"et_pb_blurb_description\">\n<p>&nbsp;<\/p>\n<p>Angaben gem\u00e4\u00df \u00a75 TMG<\/p>\n<p>J\u00fcrgen Ehrlich<br \/>Deutschland<\/p>\n<p>Verantwortlich f\u00fcr den Inhalt nach \u00a7 55 Abs. 2 RStV<\/p>\n<p>J\u00fcrgen Ehrlich<br \/>Deutschland<\/p>\n<p>Tel.: <a href=\"\/blog\/kontakt\/\">\/blog\/kontakt\/<\/a><\/p>\n<p>Fax:<\/p>\n<p>Email: <a href=\"\/blog\/kontakt\/\">\/blog\/kontakt\/<\/a><\/p>\n<p>Online-Streitbeilegung gem\u00e4\u00df Art. 14 Abs. 1 ODR-VO: Die Europ\u00e4ische Kommission stellt eine Plattform zur Online-Streitbeilegung (OS) bereit, die Sie unter <a rel=\"noreferrer noopener\" aria-label=\" (opens in a new tab)\" href=\"https:\/\/ec.europa.eu\/consumers\/odr\/\" target=\"_blank\">https:\/\/ec.europa.eu\/consumers\/odr\/<\/a> finden. Dar\u00fcber hinaus nehme ich an einem Verbraucherstreitigkeitsverfahren nicht teil.<br \/>Bitte beachten Sie auch unsere <a href=\"\/blog\/datenschutzerklaerung\/\">Datenschutzerkl\u00e4rung<\/a>.<\/p>\n<p>&nbsp;<\/p>\n<\/div>\n<\/div>\n<\/div>\n<\/div>\n<div id=\"Haftungsausschluss\" class=\"et_pb_module et_pb_blurb et_pb_blurb_1  et_pb_text_align_left  et_pb_blurb_position_top et_pb_bg_layout_light\">\n<div class=\"et_pb_blurb_content\">\n<div class=\"et_pb_blurb_container\">\n<h2 class=\"et_pb_module_header\"><span>Haftungsausschluss<\/span><\/h2>\n<div class=\"et_pb_blurb_description\">\n<p>&nbsp;<\/p>\n<h3>Haftung f\u00fcr Inhalte<\/h3>\n<p>Die auf den Web-Seiten abrufbaren Beitr\u00e4ge dienen nur der allgemeinen Information und nicht der Beratung in konkreten F\u00e4llen.\u00a0Als Diensteanbieter sind wir bem\u00fcht, f\u00fcr die Richtigkeit und Aktualit\u00e4t aller auf der Website enthaltenen Informationen und Daten gem\u00e4\u00df \u00a7 7 Abs.1 TMG zu sorgen. F\u00fcr die Korrektheit, die Vollst\u00e4ndigkeit, die Aktualit\u00e4t oder Qualit\u00e4t der bereitgestellten Informationen und Daten wird jedoch keine Gew\u00e4hr nach \u00a7 8 bis 10 TMG \u00fcbernommen. Die Haftung f\u00fcr den Inhalt der abrufbaren Informationen wird ausgeschlossen, soweit es sich nicht um vors\u00e4tzliche oder grob fahrl\u00e4ssige Falschinformation handelt. Verpflichtungen zur Entfernung oder Sperrung der Nutzung von Informationen nach den allgemeinen Gesetzen bleiben hiervon unber\u00fchrt. Eine diesbez\u00fcgliche Haftung ist jedoch erst ab dem Zeitpunkt der Kenntnis einer konkreten Rechtsverletzung m\u00f6glich. Bei Bekanntwerden von entsprechenden Rechtsverletzungen werden wir diese Inhalte umgehend entfernen.<\/p>\n<h3>Haftung f\u00fcr Links<\/h3>\n<p>Unser Angebot enth\u00e4lt Links zu externen Webseiten Dritter, auf deren Inhalte wir keinen Einfluss haben. Deshalb k\u00f6nnen wir f\u00fcr diese fremden Inhalte auch keine Gew\u00e4hr \u00fcbernehmen. Wir sind f\u00fcr den Inhalt von Webseiten, die \u00fcber einen Hyperlink erreicht werden, nicht verantwortlich. F\u00fcr den Inhalt der verlinkten Seiten sind ausschlie\u00dflich deren Betreiber verantwortlich. Wir machen uns die Inhalte dieser Internetseiten ausdr\u00fccklich nicht zu eigen und k\u00f6nnen deshalb f\u00fcr die inhaltliche Korrektheit, Vollst\u00e4ndigkeit und Verf\u00fcgbarkeit keine Gew\u00e4hr leisten. Wir haben bei der erstmaligen Verkn\u00fcpfung zwar den fremden Inhalt daraufhin \u00fcberpr\u00fcft, ob durch ihn eine m\u00f6gliche zivilrechtliche oder strafrechtliche Verantwortlichkeit ausgel\u00f6st wird. Wir sind aber nicht dazu verpflichtet, die Inhalte, auf die wir unserem Angebot verweisen, st\u00e4ndig auf Ver\u00e4nderungen zu \u00fcberpr\u00fcfen, die eine Verantwortlichkeit neu begr\u00fcnden k\u00f6nnten. Erst wenn wir feststellen oder von anderen darauf hingewiesen werden, dass ein konkretes Angebot, zu dem wir einen Link bereitgestellt haben, eine zivil- oder strafrechtliche Verantwortlichkeit ausl\u00f6st, werden wir den Verweis auf dieses Angebot aufheben, soweit uns dies technisch m\u00f6glich und zumutbar ist<strong>.<\/strong><\/p>\n<h3>Urheberrecht<\/h3>\n<p>Die durch den Betreiber dieser Seite erstellten Inhalte und Werke auf diesen Webseiten unterliegen dem deutschen Urheberrecht. S\u00e4mtliche Beitr\u00e4ge Dritter sind als solche gekennzeichnet. Die Vervielf\u00e4ltigung, Bearbeitung, Verbreitung und jede Art der Verwertung au\u00dferhalb der Grenzen des Urheberrechts bed\u00fcrfen der schriftlichen Zustimmung des jeweiligen Autors bzw. Erstellers. Kopien von diesen Seiten sind nur f\u00fcr den privaten Bereich gestattet, nicht jedoch f\u00fcr kommerzielle Zwecke.<br \/>Sollten Sie trotzdem auf eine Urheberrechtsverletzung aufmerksam werden, bitten wir um einen entsprechenden Hinweis. Bei Bekanntwerden von Rechtsverletzungen werden wir derartige Inhalte umgehend entfernen.<\/p>\n<h3><strong>Abmahnungen<\/strong><\/h3>\n<p>Ich freue mich \u00fcber jeden Hinweis, wie ich den Schutz personenbezogener Daten oder die Erkl\u00e4rung zum Schutz personenbezogener Daten verbessern kann.Die Inhalte unserer Seiten wurden mit gr\u00f6\u00dfter Sorgfalt erstellt. F\u00fcr die Richtigkeit, Vollst\u00e4ndigkeit und Aktualit\u00e4t der Inhalte k\u00f6nnen wir jedoch keine Gew\u00e4hr \u00fcbernehmen. Als Dienstanbieter sind wir gem\u00e4\u00df \u00a7 7 Abs.1 TMG f\u00fcr eigene Inhalte auf diesen Seiten nach den allgemeinen Gesetzen verantwortlich. Nach \u00a7\u00a7 8 bis 10 TMG sind wir als Dienstanbieter jedoch nicht verpflichtet, \u00fcbermittelte oder gespeicherte fremde Informationen zu \u00fcberwachen oder nach Umst\u00e4nden zu forschen, die auf eine rechtswidrige T\u00e4tigkeit hinweisen. Verpflichtungen zur Entfernung oder Sperrung der Nutzung von Informationen nach den allgemeinen Gesetzen bleiben hiervon unber\u00fchrt. Eine diesbez\u00fcgliche Haftung ist jedoch erst ab dem Zeitpunkt der Kenntnis einer konkreten Rechtsverletzung m\u00f6glich. Bei Bekanntwerden von entsprechenden Rechtsverletzungen werden wir diese Inhalte umgehend entfernen.<\/p>\n<h3><strong>Keine Abmahnung ohne vorherigen Kontakt!<\/strong><\/h3>\n<p>Wenn ich gesetzliche Bestimmungen verletze, so bitte ich um entsprechende Benachrichtigung ohne Kostennote.<br \/>Es wird garantiert, dass zu Recht beanstandete M\u00e4ngel sofort und unverz\u00fcglich behoben werden, so dass von Ihrer Seite die Einschaltung eines Rechtsbeistandes entbehrlich ist.<br \/>Sollte dennoch entgegen dieser Bestimmung ohne vorherige Kontaktaufnahme eine Rechtsvertretung beauftragt oder betrieben werden, werden die dadurch ausgel\u00f6sten Kosten von mir in vollem Umfang zur\u00fcckgewiesen. Ich behalte mir gegebenenfalls auch das Recht der Gegenklage aufgrund der Verletzung vorgenannter Bestimmungen vor. Wir berufen uns hierbei auf: \u00a7 8 Abs. 4 UWGsowie bei allen Streitfragen auf \u00a7 226 BGB! Bei Verdacht auf Missbrauch der wettbewerbsrechtlichen Abmahnung erfolgt zudem eine sofortige Mitteilung an die IHK und eine Ver\u00f6ffentlichung des Sachverhaltes mit den Verdachtshinweisen und Namen der Beteiligten.<\/p>\n<h3>Erhebung und Verarbeitung pers\u00f6nlicher Daten<\/h3>\n<p>Ohne Ihre Zustimmung sammeln wir \u00fcber unsere Websites keinerlei personenbezogene Daten. Allein Sie entscheiden dar\u00fcber, ob Sie uns, etwa im Rahmen einer Registrierung, einer Umfrage, eines Preisausschreibens o. \u00e4., diese Daten bekannt geben wollen oder nicht. Ihre personenbezogenen Daten verwenden wir im Allgemeinen nur, um Ihre Anfrage zu beantworten oder Ihnen Zugang zu speziellen Informationen zu verschaffen.<\/p>\n<\/div>\n<\/div>\n<\/div>\n<\/div>\n<p>[\/et_pb_text][\/et_pb_column][\/et_pb_row][\/et_pb_section][et_pb_section fb_built=&#8220;1&#8243; admin_label=&#8220;Footer&#8220; _builder_version=&#8220;4.16&#8243; background_color=&#8220;#24272a&#8220; locked=&#8220;off&#8220; global_colors_info=&#8220;{}&#8220;][et_pb_row column_structure=&#8220;1_2,1_2&#8243; custom_padding_last_edited=&#8220;off|tablet&#8220; _builder_version=&#8220;4.16&#8243; custom_margin_tablet=&#8220;||0px&#8220; global_colors_info=&#8220;{}&#8220;][et_pb_column type=&#8220;1_2&#8243; _builder_version=&#8220;4.16&#8243; custom_padding=&#8220;|||&#8220; global_colors_info=&#8220;{}&#8220; custom_padding__hover=&#8220;|||&#8220;][et_pb_text _builder_version=&#8220;4.16&#8243; text_font=&#8220;Montserrat||||||||&#8220; text_letter_spacing=&#8220;3px&#8220; header_font=&#8220;||||||||&#8220; header_2_font=&#8220;Karla|700||on|||||&#8220; header_2_font_size=&#8220;46px&#8220; header_3_font=&#8220;Montserrat|||on|||||&#8220; header_3_text_color=&#8220;rgba(255,255,255,0.4)&#8220; header_3_font_size=&#8220;12px&#8220; header_3_letter_spacing=&#8220;1px&#8220; header_3_line_height=&#8220;1.8em&#8220; header_4_font=&#8220;|||on|||||&#8220; background_layout=&#8220;dark&#8220; header_2_font_size_tablet=&#8220;&#8220; header_2_font_size_phone=&#8220;30px&#8220; header_2_font_size_last_edited=&#8220;on|phone&#8220; locked=&#8220;off&#8220; global_colors_info=&#8220;{}&#8220;]<\/p>\n<h3>Ligge<\/h3>\n<h2>J\u00fcrgen Ehrlich<\/h2>\n<h4>Ligge<\/h4>\n<p>[\/et_pb_text][\/et_pb_column][et_pb_column type=&#8220;1_2&#8243; _builder_version=&#8220;4.16&#8243; custom_padding=&#8220;30px|||&#8220; global_colors_info=&#8220;{}&#8220; custom_padding__hover=&#8220;|||&#8220;][et_pb_button button_url=&#8220;\/blog\/#Bits&#8220; button_text=&#8220;Meine Erfahrung&#8220; button_alignment=&#8220;right&#8220; _builder_version=&#8220;4.20.0&#8243; custom_button=&#8220;on&#8220; button_text_size=&#8220;13px&#8220; button_text_color=&#8220;#ffffff&#8220; button_bg_color=&#8220;#f56845&#8243; button_border_width=&#8220;0px&#8220; button_border_radius=&#8220;0px&#8220; button_letter_spacing=&#8220;2px&#8220; button_font=&#8220;|700||on|||||&#8220; button_icon=&#8220;&#x4c;||divi||400&#8243; button_on_hover=&#8220;off&#8220; custom_margin=&#8220;|||-12px&#8220; custom_padding=&#8220;16px|48px|16px|32px|true|false&#8220; custom_padding_last_edited=&#8220;off|desktop&#8220; locked=&#8220;off&#8220; global_colors_info=&#8220;{}&#8220; custom_padding__hover_enabled=&#8220;on&#8220; custom_padding__hover=&#8220;|52px||36px&#8220;][\/et_pb_button][\/et_pb_column][\/et_pb_row][\/et_pb_section]<\/p>\n","protected":false},"excerpt":{"rendered":"<p>Impressum Impressum &nbsp; Angaben gem\u00e4\u00df \u00a75 TMG J\u00fcrgen EhrlichDeutschland Verantwortlich f\u00fcr den Inhalt nach \u00a7 55 Abs. 2 RStV J\u00fcrgen EhrlichDeutschland Tel.: \/blog\/kontakt\/ Fax: Email: \/blog\/kontakt\/ Online-Streitbeilegung gem\u00e4\u00df Art. 14 Abs. 1 ODR-VO: Die Europ\u00e4ische Kommission stellt eine Plattform zur Online-Streitbeilegung (OS) bereit, die Sie unter https:\/\/ec.europa.eu\/consumers\/odr\/ finden. Dar\u00fcber hinaus nehme ich an einem Verbraucherstreitigkeitsverfahren [&hellip;]<\/p>\n","protected":false},"author":1,"featured_media":0,"parent":0,"menu_order":0,"comment_status":"closed","ping_status":"closed","template":"","meta":{"_et_pb_use_builder":"on","_et_pb_old_content":"","_et_gb_content_width":"1280","footnotes":""},"class_list":["post-151","page","type-page","status-publish","hentry"],"_links":{"self":[{"href":"https:\/\/www.juergen-ehrlich.de\/blog\/wp-json\/wp\/v2\/pages\/151","targetHints":{"allow":["GET"]}}],"collection":[{"href":"https:\/\/www.juergen-ehrlich.de\/blog\/wp-json\/wp\/v2\/pages"}],"about":[{"href":"https:\/\/www.juergen-ehrlich.de\/blog\/wp-json\/wp\/v2\/types\/page"}],"author":[{"embeddable":true,"href":"https:\/\/www.juergen-ehrlich.de\/blog\/wp-json\/wp\/v2\/users\/1"}],"replies":[{"embeddable":true,"href":"https:\/\/www.juergen-ehrlich.de\/blog\/wp-json\/wp\/v2\/comments?post=151"}],"version-history":[{"count":13,"href":"https:\/\/www.juergen-ehrlich.de\/blog\/wp-json\/wp\/v2\/pages\/151\/revisions"}],"predecessor-version":[{"id":1647,"href":"https:\/\/www.juergen-ehrlich.de\/blog\/wp-json\/wp\/v2\/pages\/151\/revisions\/1647"}],"wp:attachment":[{"href":"https:\/\/www.juergen-ehrlich.de\/blog\/wp-json\/wp\/v2\/media?parent=151"}],"curies":[{"name":"wp","href":"https:\/\/api.w.org\/{rel}","templated":true}]}}